{"id":66,"date":"2025-04-06T14:00:44","date_gmt":"2025-04-06T11:00:44","guid":{"rendered":"https:\/\/savorist.com.tr\/?page_id=66"},"modified":"2025-11-09T11:02:18","modified_gmt":"2025-11-09T08:02:18","slug":"iletisim","status":"publish","type":"page","link":"https:\/\/www.savorist.com.tr\/index.php\/iletisim\/","title":{"rendered":"\u0130leti\u015fim"},"content":{"rendered":"\t\t<div data-elementor-type=\"wp-page\" data-elementor-id=\"66\" class=\"elementor elementor-66\">\n\t\t\t\t<div class=\"elementor-element elementor-element-5a3c3b8 e-flex e-con-boxed e-con e-parent\" data-id=\"5a3c3b8\" data-element_type=\"container\" data-e-type=\"container\">\n\t\t\t\t\t<div class=\"e-con-inner\">\n\t\t<div class=\"elementor-element elementor-element-b9f7245 e-con-full e-flex e-con e-child\" data-id=\"b9f7245\" data-element_type=\"container\" data-e-type=\"container\">\n\t\t\t\t<div class=\"elementor-element elementor-element-24d237d eael-contact-form-7-button-align-left eael-contact-form-7-button-custom elementor-widget elementor-widget-eael-contact-form-7\" data-id=\"24d237d\" data-element_type=\"widget\" data-e-type=\"widget\" data-widget_type=\"eael-contact-form-7.default\">\n\t\t\t\t\t<div class=\"eael-contact-form-7-wrapper\">\n                <div class=\"eael-contact-form eael-contact-form-7 eael-contact-form-24d237d placeholder-show eael-contact-form-align-default\">\n<div class=\"wpcf7 no-js\" id=\"wpcf7-f100-o1\" lang=\"tr-TR\" dir=\"ltr\" data-wpcf7-id=\"100\">\n<div class=\"screen-reader-response\"><p role=\"status\" aria-live=\"polite\" aria-atomic=\"true\"><\/p> <ul><\/ul><\/div>\n<form action=\"\/index.php\/wp-json\/wp\/v2\/pages\/66#wpcf7-f100-o1\" method=\"post\" class=\"wpcf7-form init\" aria-label=\"\u0130leti\u015fim Formu\" novalidate=\"novalidate\" data-status=\"init\">\n<fieldset class=\"hidden-fields-container\"><input type=\"hidden\" name=\"_wpcf7\" value=\"100\" \/><input type=\"hidden\" name=\"_wpcf7_version\" value=\"6.1.5\" \/><input type=\"hidden\" name=\"_wpcf7_locale\" value=\"tr_TR\" \/><input type=\"hidden\" name=\"_wpcf7_unit_tag\" value=\"wpcf7-f100-o1\" \/><input type=\"hidden\" name=\"_wpcf7_container_post\" value=\"0\" \/><input type=\"hidden\" name=\"_wpcf7_posted_data_hash\" value=\"\" \/>\n<\/fieldset>\n<p><label> Ad\u0131n\u0131z<br \/>\n<span class=\"wpcf7-form-control-wrap\" data-name=\"your-name\"><input size=\"40\" maxlength=\"400\" class=\"wpcf7-form-control wpcf7-text wpcf7-validates-as-required\" autocomplete=\"name\" aria-required=\"true\" aria-invalid=\"false\" value=\"\" type=\"text\" name=\"your-name\" \/><\/span> <\/label><br \/>\n<label> Telefon<br \/>\n<span class=\"wpcf7-form-control-wrap\" data-name=\"tel-963\"><input size=\"40\" maxlength=\"400\" class=\"wpcf7-form-control wpcf7-tel wpcf7-validates-as-required wpcf7-text wpcf7-validates-as-tel Telefon\" aria-required=\"true\" aria-invalid=\"false\" value=\"\" type=\"tel\" name=\"tel-963\" \/><\/span> <\/label>\n<\/p>\n<p><label> E-posta adresiniz<br \/>\n<span class=\"wpcf7-form-control-wrap\" data-name=\"your-email\"><input size=\"40\" maxlength=\"400\" class=\"wpcf7-form-control wpcf7-email wpcf7-validates-as-required wpcf7-text wpcf7-validates-as-email\" autocomplete=\"email\" aria-required=\"true\" aria-invalid=\"false\" value=\"\" type=\"email\" name=\"your-email\" \/><\/span> <\/label>\n<\/p>\n<p><label> Konu<br \/>\n<span class=\"wpcf7-form-control-wrap\" data-name=\"your-subject\"><input size=\"40\" maxlength=\"400\" class=\"wpcf7-form-control wpcf7-text wpcf7-validates-as-required\" aria-required=\"true\" aria-invalid=\"false\" value=\"\" type=\"text\" name=\"your-subject\" \/><\/span> <\/label>\n<\/p>\n<p><label> \u0130letiniz (tercihe ba\u011fl\u0131)<br \/>\n<span class=\"wpcf7-form-control-wrap\" data-name=\"your-message\"><textarea cols=\"40\" rows=\"10\" maxlength=\"2000\" class=\"wpcf7-form-control wpcf7-textarea\" aria-invalid=\"false\" name=\"your-message\"><\/textarea><\/span> <\/label>\n<\/p>\n<p><input class=\"wpcf7-form-control wpcf7-submit has-spinner\" type=\"submit\" value=\"G\u00f6nder\" \/>\n<\/p><div class=\"wpcf7-response-output\" aria-hidden=\"true\"><\/div>\n<\/form>\n<\/div>\n<\/div>\n            <\/div>\t\t\t\t<\/div>\n\t\t\t\t<\/div>\n\t\t<div class=\"elementor-element elementor-element-1642580 e-con-full e-flex e-con e-child\" data-id=\"1642580\" data-element_type=\"container\" data-e-type=\"container\">\n\t\t<div class=\"elementor-element elementor-element-015f05e e-con-full e-flex e-con e-child\" data-id=\"015f05e\" data-element_type=\"container\" data-e-type=\"container\" data-settings=\"{&quot;background_background&quot;:&quot;classic&quot;}\">\n\t\t\t\t<\/div>\n\t\t\t\t<div class=\"elementor-element elementor-element-a6ae5af elementor-widget elementor-widget-heading\" data-id=\"a6ae5af\" data-element_type=\"widget\" data-e-type=\"widget\" data-widget_type=\"heading.default\">\n\t\t\t\t\t<h2 class=\"elementor-heading-title elementor-size-default\">Adres:Kirazl\u0131 Cad. No:5A Avc\u0131lar\/\u0130stanbul<br>Telefon: 0212 703 14 90<br>E-mail : info@savorist.com.tr<\/h2>\t\t\t\t<\/div>\n\t\t\t\t<div class=\"elementor-element elementor-element-41c838e elementor-widget elementor-widget-google_maps\" data-id=\"41c838e\" data-element_type=\"widget\" data-e-type=\"widget\" data-widget_type=\"google_maps.default\">\n\t\t\t\t\t\t\t<div class=\"elementor-custom-embed\">\n\t\t\t<iframe class=\"lazyload\" loading=\"lazy\"\n\t\t\t\t\tsrc=\"https:\/\/maps.google.com\/maps?q=savorist&#038;t=m&#038;z=10&#038;output=embed&#038;iwloc=near\"\n\t\t\t\t\ttitle=\"savorist\"\n\t\t\t\t\taria-label=\"savorist\"\n\t\t\t><\/iframe>\n\t\t<\/div>\n\t\t\t\t\t\t<\/div>\n\t\t<div class=\"elementor-element elementor-element-de993d7 e-con-full e-flex e-con e-child\" data-id=\"de993d7\" data-element_type=\"container\" data-e-type=\"container\">\n\t\t\t\t<\/div>\n\t\t\t\t<\/div>\n\t\t\t\t\t<\/div>\n\t\t\t\t<\/div>\n\t\t\t\t<\/div>\n\t\t","protected":false},"excerpt":{"rendered":"<p>Ad\u0131n\u0131z Telefon E-posta adresiniz Konu \u0130letiniz (tercihe ba\u011fl\u0131) Adres:Kirazl\u0131 Cad. [&hellip;]<\/p>\n","protected":false},"author":1,"featured_media":0,"parent":0,"menu_order":0,"comment_status":"closed","ping_status":"closed","template":"","meta":{"googlesitekit_rrm_CAowi9XCDA:productID":"","footnotes":""},"class_list":["post-66","page","type-page","status-publish","hentry"],"yoast_head":"<!-- This site is optimized with the Yoast SEO plugin v27.0 - https:\/\/yoast.com\/product\/yoast-seo-wordpress\/ -->\n<title>\u0130leti\u015fim - Savorist Food&amp;Beverage Service<\/title>\n<meta name=\"description\" content=\"Savorist Food&amp;Beverage Service olarak, bir sonraki etkinli\u011finiz, kurumsal ihtiyac\u0131n\u0131z veya \u00f6zel talebiniz i\u00e7in size en \u00fcst d\u00fczeyde hizmet vermeyi ama\u00e7l\u0131yoruz. \u0130ster bir tad\u0131m randevusu, ister detayl\u0131 bir fiyat teklifi isteyin; bizimle ileti\u015fime ge\u00e7mek \u00e7ok kolay!\" \/>\n<meta name=\"robots\" content=\"index, follow, max-snippet:-1, max-image-preview:large, max-video-preview:-1\" \/>\n<link rel=\"canonical\" href=\"https:\/\/www.savorist.com.tr\/index.php\/iletisim\/\" \/>\n<meta property=\"og:locale\" content=\"tr_TR\" \/>\n<meta property=\"og:type\" content=\"article\" \/>\n<meta property=\"og:title\" content=\"\u0130leti\u015fim - Savorist Food&amp;Beverage Service\" \/>\n<meta property=\"og:description\" content=\"Savorist Food&amp;Beverage Service olarak, bir sonraki etkinli\u011finiz, kurumsal ihtiyac\u0131n\u0131z veya \u00f6zel talebiniz i\u00e7in size en \u00fcst d\u00fczeyde hizmet vermeyi ama\u00e7l\u0131yoruz. \u0130ster bir tad\u0131m randevusu, ister detayl\u0131 bir fiyat teklifi isteyin; bizimle ileti\u015fime ge\u00e7mek \u00e7ok kolay!\" \/>\n<meta property=\"og:url\" content=\"https:\/\/www.savorist.com.tr\/index.php\/iletisim\/\" \/>\n<meta property=\"og:site_name\" content=\"Savorist Food&amp;Beverage Service\" \/>\n<meta property=\"article:publisher\" content=\"https:\/\/www.facebook.com\/people\/Savorist-Foodandbeverage\/pfbid02Z1oEPavQqfAgBGc9AtEXLCemHWj899AM2KjEpd174iBQwMbeBzpbaMuZWn9aLsffl\/\" \/>\n<meta property=\"article:modified_time\" content=\"2025-11-09T08:02:18+00:00\" \/>\n<meta property=\"og:image\" content=\"https:\/\/www.savorist.com.tr\/wp-content\/uploads\/2025\/05\/Logo-591x591-RGB-300DPI1.jpg\" \/>\n\t<meta property=\"og:image:width\" content=\"591\" \/>\n\t<meta property=\"og:image:height\" content=\"591\" \/>\n\t<meta property=\"og:image:type\" content=\"image\/jpeg\" \/>\n<meta name=\"twitter:card\" content=\"summary_large_image\" \/>\n<meta name=\"twitter:label1\" content=\"Tahmini okuma s\u00fcresi\" \/>\n\t<meta name=\"twitter:data1\" content=\"1 dakika\" \/>\n<script type=\"application\/ld+json\" class=\"yoast-schema-graph\">{\"@context\":\"https:\/\/schema.org\",\"@graph\":[{\"@type\":\"WebPage\",\"@id\":\"https:\/\/www.savorist.com.tr\/index.php\/iletisim\/\",\"url\":\"https:\/\/www.savorist.com.tr\/index.php\/iletisim\/\",\"name\":\"\u0130leti\u015fim - Savorist Food&amp;Beverage Service\",\"isPartOf\":{\"@id\":\"https:\/\/www.savorist.com.tr\/#website\"},\"datePublished\":\"2025-04-06T11:00:44+00:00\",\"dateModified\":\"2025-11-09T08:02:18+00:00\",\"description\":\"Savorist Food&Beverage Service olarak, bir sonraki etkinli\u011finiz, kurumsal ihtiyac\u0131n\u0131z veya \u00f6zel talebiniz i\u00e7in size en \u00fcst d\u00fczeyde hizmet vermeyi ama\u00e7l\u0131yoruz. \u0130ster bir tad\u0131m randevusu, ister detayl\u0131 bir fiyat teklifi isteyin; bizimle ileti\u015fime ge\u00e7mek \u00e7ok kolay!\",\"breadcrumb\":{\"@id\":\"https:\/\/www.savorist.com.tr\/index.php\/iletisim\/#breadcrumb\"},\"inLanguage\":\"tr\",\"potentialAction\":[{\"@type\":\"ReadAction\",\"target\":[\"https:\/\/www.savorist.com.tr\/index.php\/iletisim\/\"]}]},{\"@type\":\"BreadcrumbList\",\"@id\":\"https:\/\/www.savorist.com.tr\/index.php\/iletisim\/#breadcrumb\",\"itemListElement\":[{\"@type\":\"ListItem\",\"position\":1,\"name\":\"Anasayfa\",\"item\":\"https:\/\/www.savorist.com.tr\/\"},{\"@type\":\"ListItem\",\"position\":2,\"name\":\"\u0130leti\u015fim\"}]},{\"@type\":\"WebSite\",\"@id\":\"https:\/\/www.savorist.com.tr\/#website\",\"url\":\"https:\/\/www.savorist.com.tr\/\",\"name\":\"www.savorist.com.tr\",\"description\":\"\",\"publisher\":{\"@id\":\"https:\/\/www.savorist.com.tr\/#organization\"},\"potentialAction\":[{\"@type\":\"SearchAction\",\"target\":{\"@type\":\"EntryPoint\",\"urlTemplate\":\"https:\/\/www.savorist.com.tr\/?s={search_term_string}\"},\"query-input\":{\"@type\":\"PropertyValueSpecification\",\"valueRequired\":true,\"valueName\":\"search_term_string\"}}],\"inLanguage\":\"tr\"},{\"@type\":\"Organization\",\"@id\":\"https:\/\/www.savorist.com.tr\/#organization\",\"name\":\"Savorist Food&Beverage Service\",\"url\":\"https:\/\/www.savorist.com.tr\/\",\"logo\":{\"@type\":\"ImageObject\",\"inLanguage\":\"tr\",\"@id\":\"https:\/\/www.savorist.com.tr\/#\/schema\/logo\/image\/\",\"url\":\"https:\/\/www.savorist.com.tr\/wp-content\/uploads\/2025\/04\/cropped-Logo-591x591-RGB-300DPI2.jpg\",\"contentUrl\":\"https:\/\/www.savorist.com.tr\/wp-content\/uploads\/2025\/04\/cropped-Logo-591x591-RGB-300DPI2.jpg\",\"width\":591,\"height\":163,\"caption\":\"Savorist Food&Beverage Service\"},\"image\":{\"@id\":\"https:\/\/www.savorist.com.tr\/#\/schema\/logo\/image\/\"},\"sameAs\":[\"https:\/\/www.facebook.com\/people\/Savorist-Foodandbeverage\/pfbid02Z1oEPavQqfAgBGc9AtEXLCemHWj899AM2KjEpd174iBQwMbeBzpbaMuZWn9aLsffl\/\",\"https:\/\/www.instagram.com\/savoristdavet\",\"https:\/\/www.linkedin.com\/in\/savorist-food-and-beverage-68296234b\/\",\"https:\/\/tr.pinterest.com\/Savoristfoodandbeverage\/?invite_code=af15b0c329324267b05c705918f7c4be&sender=437341951222664290\"]}]}<\/script>\n<!-- \/ Yoast SEO plugin. -->","yoast_head_json":{"title":"\u0130leti\u015fim - Savorist Food&amp;Beverage Service","description":"Savorist Food&Beverage Service olarak, bir sonraki etkinli\u011finiz, kurumsal ihtiyac\u0131n\u0131z veya \u00f6zel talebiniz i\u00e7in size en \u00fcst d\u00fczeyde hizmet vermeyi ama\u00e7l\u0131yoruz. \u0130ster bir tad\u0131m randevusu, ister detayl\u0131 bir fiyat teklifi isteyin; bizimle ileti\u015fime ge\u00e7mek \u00e7ok kolay!","robots":{"index":"index","follow":"follow","max-snippet":"max-snippet:-1","max-image-preview":"max-image-preview:large","max-video-preview":"max-video-preview:-1"},"canonical":"https:\/\/www.savorist.com.tr\/index.php\/iletisim\/","og_locale":"tr_TR","og_type":"article","og_title":"\u0130leti\u015fim - Savorist Food&amp;Beverage Service","og_description":"Savorist Food&Beverage Service olarak, bir sonraki etkinli\u011finiz, kurumsal ihtiyac\u0131n\u0131z veya \u00f6zel talebiniz i\u00e7in size en \u00fcst d\u00fczeyde hizmet vermeyi ama\u00e7l\u0131yoruz. \u0130ster bir tad\u0131m randevusu, ister detayl\u0131 bir fiyat teklifi isteyin; bizimle ileti\u015fime ge\u00e7mek \u00e7ok kolay!","og_url":"https:\/\/www.savorist.com.tr\/index.php\/iletisim\/","og_site_name":"Savorist Food&amp;Beverage Service","article_publisher":"https:\/\/www.facebook.com\/people\/Savorist-Foodandbeverage\/pfbid02Z1oEPavQqfAgBGc9AtEXLCemHWj899AM2KjEpd174iBQwMbeBzpbaMuZWn9aLsffl\/","article_modified_time":"2025-11-09T08:02:18+00:00","og_image":[{"width":591,"height":591,"url":"https:\/\/www.savorist.com.tr\/wp-content\/uploads\/2025\/05\/Logo-591x591-RGB-300DPI1.jpg","type":"image\/jpeg"}],"twitter_card":"summary_large_image","twitter_misc":{"Tahmini okuma s\u00fcresi":"1 dakika"},"schema":{"@context":"https:\/\/schema.org","@graph":[{"@type":"WebPage","@id":"https:\/\/www.savorist.com.tr\/index.php\/iletisim\/","url":"https:\/\/www.savorist.com.tr\/index.php\/iletisim\/","name":"\u0130leti\u015fim - Savorist Food&amp;Beverage Service","isPartOf":{"@id":"https:\/\/www.savorist.com.tr\/#website"},"datePublished":"2025-04-06T11:00:44+00:00","dateModified":"2025-11-09T08:02:18+00:00","description":"Savorist Food&Beverage Service olarak, bir sonraki etkinli\u011finiz, kurumsal ihtiyac\u0131n\u0131z veya \u00f6zel talebiniz i\u00e7in size en \u00fcst d\u00fczeyde hizmet vermeyi ama\u00e7l\u0131yoruz. \u0130ster bir tad\u0131m randevusu, ister detayl\u0131 bir fiyat teklifi isteyin; bizimle ileti\u015fime ge\u00e7mek \u00e7ok kolay!","breadcrumb":{"@id":"https:\/\/www.savorist.com.tr\/index.php\/iletisim\/#breadcrumb"},"inLanguage":"tr","potentialAction":[{"@type":"ReadAction","target":["https:\/\/www.savorist.com.tr\/index.php\/iletisim\/"]}]},{"@type":"BreadcrumbList","@id":"https:\/\/www.savorist.com.tr\/index.php\/iletisim\/#breadcrumb","itemListElement":[{"@type":"ListItem","position":1,"name":"Anasayfa","item":"https:\/\/www.savorist.com.tr\/"},{"@type":"ListItem","position":2,"name":"\u0130leti\u015fim"}]},{"@type":"WebSite","@id":"https:\/\/www.savorist.com.tr\/#website","url":"https:\/\/www.savorist.com.tr\/","name":"www.savorist.com.tr","description":"","publisher":{"@id":"https:\/\/www.savorist.com.tr\/#organization"},"potentialAction":[{"@type":"SearchAction","target":{"@type":"EntryPoint","urlTemplate":"https:\/\/www.savorist.com.tr\/?s={search_term_string}"},"query-input":{"@type":"PropertyValueSpecification","valueRequired":true,"valueName":"search_term_string"}}],"inLanguage":"tr"},{"@type":"Organization","@id":"https:\/\/www.savorist.com.tr\/#organization","name":"Savorist Food&Beverage Service","url":"https:\/\/www.savorist.com.tr\/","logo":{"@type":"ImageObject","inLanguage":"tr","@id":"https:\/\/www.savorist.com.tr\/#\/schema\/logo\/image\/","url":"https:\/\/www.savorist.com.tr\/wp-content\/uploads\/2025\/04\/cropped-Logo-591x591-RGB-300DPI2.jpg","contentUrl":"https:\/\/www.savorist.com.tr\/wp-content\/uploads\/2025\/04\/cropped-Logo-591x591-RGB-300DPI2.jpg","width":591,"height":163,"caption":"Savorist Food&Beverage Service"},"image":{"@id":"https:\/\/www.savorist.com.tr\/#\/schema\/logo\/image\/"},"sameAs":["https:\/\/www.facebook.com\/people\/Savorist-Foodandbeverage\/pfbid02Z1oEPavQqfAgBGc9AtEXLCemHWj899AM2KjEpd174iBQwMbeBzpbaMuZWn9aLsffl\/","https:\/\/www.instagram.com\/savoristdavet","https:\/\/www.linkedin.com\/in\/savorist-food-and-beverage-68296234b\/","https:\/\/tr.pinterest.com\/Savoristfoodandbeverage\/?invite_code=af15b0c329324267b05c705918f7c4be&sender=437341951222664290"]}]}},"_links":{"self":[{"href":"https:\/\/www.savorist.com.tr\/index.php\/wp-json\/wp\/v2\/pages\/66","targetHints":{"allow":["GET"]}}],"collection":[{"href":"https:\/\/www.savorist.com.tr\/index.php\/wp-json\/wp\/v2\/pages"}],"about":[{"href":"https:\/\/www.savorist.com.tr\/index.php\/wp-json\/wp\/v2\/types\/page"}],"author":[{"embeddable":true,"href":"https:\/\/www.savorist.com.tr\/index.php\/wp-json\/wp\/v2\/users\/1"}],"replies":[{"embeddable":true,"href":"https:\/\/www.savorist.com.tr\/index.php\/wp-json\/wp\/v2\/comments?post=66"}],"version-history":[{"count":20,"href":"https:\/\/www.savorist.com.tr\/index.php\/wp-json\/wp\/v2\/pages\/66\/revisions"}],"predecessor-version":[{"id":121,"href":"https:\/\/www.savorist.com.tr\/index.php\/wp-json\/wp\/v2\/pages\/66\/revisions\/121"}],"wp:attachment":[{"href":"https:\/\/www.savorist.com.tr\/index.php\/wp-json\/wp\/v2\/media?parent=66"}],"curies":[{"name":"wp","href":"https:\/\/api.w.org\/{rel}","templated":true}]}}