{"id":61,"date":"2025-04-06T14:00:44","date_gmt":"2025-04-06T11:00:44","guid":{"rendered":"https:\/\/savorist.com.tr\/?page_id=61"},"modified":"2026-01-03T13:33:39","modified_gmt":"2026-01-03T10:33:39","slug":"hakkinda","status":"publish","type":"page","link":"https:\/\/www.savorist.com.tr\/index.php\/hakkinda\/","title":{"rendered":"Hakk\u0131nda"},"content":{"rendered":"\t\t<div data-elementor-type=\"wp-page\" data-elementor-id=\"61\" class=\"elementor elementor-61\">\n\t\t\t\t<div class=\"elementor-element elementor-element-a681546 e-flex e-con-boxed e-con e-parent\" data-id=\"a681546\" data-element_type=\"container\" data-e-type=\"container\">\n\t\t\t\t\t<div class=\"e-con-inner\">\n\t\t\t\t<div class=\"elementor-element elementor-element-5a8d195 elementor-widget__width-initial elementor-widget elementor-widget-image\" data-id=\"5a8d195\" data-element_type=\"widget\" data-e-type=\"widget\" data-widget_type=\"image.default\">\n\t\t\t\t\t\t\t\t\t\t\t\t\t\t\t<img fetchpriority=\"high\" decoding=\"async\" width=\"1024\" height=\"683\" src=\"data:image\/gif;base64,R0lGODlhAQABAIAAAAAAAP\/\/\/yH5BAEAAAAALAAAAAABAAEAAAIBRAA7\" data-src=\"https:\/\/www.savorist.com.tr\/wp-content\/uploads\/2025\/04\/1675991545657-1024x683.jpg\" class=\"attachment-large size-large wp-image-94 lazyload\" alt=\"\" data-srcset=\"https:\/\/www.savorist.com.tr\/wp-content\/uploads\/2025\/04\/1675991545657-1024x683.jpg 1024w, https:\/\/www.savorist.com.tr\/wp-content\/uploads\/2025\/04\/1675991545657-300x200.jpg 300w, https:\/\/www.savorist.com.tr\/wp-content\/uploads\/2025\/04\/1675991545657-768x512.jpg 768w, https:\/\/www.savorist.com.tr\/wp-content\/uploads\/2025\/04\/1675991545657.jpg 1080w\" sizes=\"(max-width: 1024px) 100vw, 1024px\" \/><noscript><img decoding=\"async\" width=\"1024\" height=\"683\" src=\"https:\/\/www.savorist.com.tr\/wp-content\/uploads\/2025\/04\/1675991545657-1024x683.jpg\" class=\"attachment-large size-large wp-image-94 lazyload\" alt=\"\" srcset=\"https:\/\/www.savorist.com.tr\/wp-content\/uploads\/2025\/04\/1675991545657-1024x683.jpg 1024w, https:\/\/www.savorist.com.tr\/wp-content\/uploads\/2025\/04\/1675991545657-300x200.jpg 300w, https:\/\/www.savorist.com.tr\/wp-content\/uploads\/2025\/04\/1675991545657-768x512.jpg 768w, https:\/\/www.savorist.com.tr\/wp-content\/uploads\/2025\/04\/1675991545657.jpg 1080w\" sizes=\"(max-width: 1024px) 100vw, 1024px\" \/><\/noscript>\t\t\t\t\t\t\t\t\t\t\t\t\t\t\t<\/div>\n\t\t\t\t\t<\/div>\n\t\t\t\t<\/div>\n\t\t<div class=\"elementor-element elementor-element-64406b5 e-flex e-con-boxed e-con e-parent\" data-id=\"64406b5\" data-element_type=\"container\" data-e-type=\"container\">\n\t\t\t\t\t<div class=\"e-con-inner\">\n\t\t\t\t<div class=\"elementor-element elementor-element-781271d elementor-widget elementor-widget-text-editor\" data-id=\"781271d\" data-element_type=\"widget\" data-e-type=\"widget\" data-widget_type=\"text-editor.default\">\n\t\t\t\t\t\t\t\t\t<p>\u00a0 \u00a0 \u00a0 \u00a0 \u00a0 \u00a0 \u00a0 \u00a0 \u00a0 \u00a0 \u00a0 \u00a0 \u00a0 \u00a0 \u00a0 \u00a0 \u00a0 \u00a0 \u00a0 \u00a0 \u00a0 \u00a0 \u00a0 \u00a0 \u00a0 \u00a0 \u00a0 \u00a0 \u00a0 \u00a0 \u00a0 \u00a0 \u00a0 \u00a0 \u00a0 \u00a0 \u00a0 \u00a0 \u00a0 \u00a0 \u00a0 \u00a0 \u00a0<strong>\u00a0 <u>\u201c TADINI \u00c7IKAR ,S\u0130Z\u0130N \u0130\u00c7\u0130N LEZZETL\u0130 ANLAR YARATIYORUZ. \u201c<\/u><\/strong><\/p><p><strong>Savorist olarak ,her etkinli\u011finizde sizinle birlikteyiz.Lezzetimizle\u00a0 sofralar\u0131n\u0131za tat kat\u0131yor,profosyonel ekibimiz ve kusursuz operasyonumuzla an\u0131lar\u0131n\u0131z\u0131 \u00f6zenle in\u015fa ediyoruz.<\/strong><\/p><p><strong>\u00a0<\/strong><strong>\u015eirket etkinlikleri,\u00fcr\u00fcn lansman\u0131,d\u00fc\u011f\u00fcn ,do\u011fum g\u00fcn\u00fc ,fuar hizmetleri gibi her t\u00fcrl\u00fc organizasyonunuzda s\u00fcrecin en ba\u015f\u0131ndan en sonuna kadar sadece yiyecek ve i\u00e7ecek sa\u011flamakla kalmayan ayn\u0131 zamanda etkinli\u011fin \u00f6nemini\u00a0 anlayan bir catering firmas\u0131y\u0131z.<\/strong><\/p><p><strong>\u00d6nceli\u011fimiz , sizin ve misafirlerinizin memnuniyetidir.<\/strong><\/p><p><strong>\u00a0<\/strong><strong>Savorist olarak ,yeme\u011fin g\u00fcc\u00fcne inan\u0131yoruz.Catering hizmetini profosyonel ve yenilik\u00e7i bir\u00a0 yakla\u015f\u0131mla sunmay\u0131 ve her etkinlikte \u00e7\u00f6z\u00fcm odakl\u0131 hizmetimizle etkinliklerinizi zenginle\u015ftirmeyi hedefliyoruz.<\/strong><\/p><p><strong>\u00d6zenle haz\u0131rlanan tatlar\u0131m\u0131z,titiz operasyon s\u00fcre\u00e7lerimizle,her sofrada kaliteyi ve zerafeti bir araya getiriyoruz.<\/strong><\/p><p><strong>\u00a0<\/strong><strong>Amac\u0131m\u0131z ,yeme\u011fi sadece bir deneyim de\u011fil,hayat\u0131 g\u00fczelle\u015ftiren bir de\u011fer haline getirmek.<\/strong><\/p>\t\t\t\t\t\t\t\t<\/div>\n\t\t\t\t\t<\/div>\n\t\t\t\t<\/div>\n\t\t\t\t<\/div>\n\t\t","protected":false},"excerpt":{"rendered":"<p>\u00a0 \u00a0 \u00a0 \u00a0 \u00a0 \u00a0 \u00a0 \u00a0 \u00a0 \u00a0 [&hellip;]<\/p>\n","protected":false},"author":1,"featured_media":0,"parent":0,"menu_order":0,"comment_status":"closed","ping_status":"closed","template":"","meta":{"googlesitekit_rrm_CAowi9XCDA:productID":"","footnotes":""},"class_list":["post-61","page","type-page","status-publish","hentry"],"yoast_head":"<!-- This site is optimized with the Yoast SEO plugin v27.0 - https:\/\/yoast.com\/product\/yoast-seo-wordpress\/ -->\n<title>Hakk\u0131nda - Savorist Food&amp;Beverage Service<\/title>\n<meta name=\"description\" content=\"Savorist olarak, sadece yiyecek ve i\u00e7ecek servisi yapm\u0131yoruz; unutulmaz an\u0131lar in\u015fa ediyoruz. Lezzet ve profesyonelli\u011fin birle\u015fti\u011fi bir deneyim i\u00e7in sizi de aram\u0131zda g\u00f6rmekten mutluluk duyar\u0131z.\" \/>\n<meta name=\"robots\" content=\"index, follow, max-snippet:-1, max-image-preview:large, max-video-preview:-1\" \/>\n<link rel=\"canonical\" href=\"https:\/\/www.savorist.com.tr\/index.php\/hakkinda\/\" \/>\n<meta property=\"og:locale\" content=\"tr_TR\" \/>\n<meta property=\"og:type\" content=\"article\" \/>\n<meta property=\"og:title\" content=\"Hakk\u0131nda - Savorist Food&amp;Beverage Service\" \/>\n<meta property=\"og:description\" content=\"Savorist olarak, sadece yiyecek ve i\u00e7ecek servisi yapm\u0131yoruz; unutulmaz an\u0131lar in\u015fa ediyoruz. Lezzet ve profesyonelli\u011fin birle\u015fti\u011fi bir deneyim i\u00e7in sizi de aram\u0131zda g\u00f6rmekten mutluluk duyar\u0131z.\" \/>\n<meta property=\"og:url\" content=\"https:\/\/www.savorist.com.tr\/index.php\/hakkinda\/\" \/>\n<meta property=\"og:site_name\" content=\"Savorist Food&amp;Beverage Service\" \/>\n<meta property=\"article:publisher\" content=\"https:\/\/www.facebook.com\/people\/Savorist-Foodandbeverage\/pfbid02Z1oEPavQqfAgBGc9AtEXLCemHWj899AM2KjEpd174iBQwMbeBzpbaMuZWn9aLsffl\/\" \/>\n<meta property=\"article:modified_time\" content=\"2026-01-03T10:33:39+00:00\" \/>\n<meta property=\"og:image\" content=\"https:\/\/www.savorist.com.tr\/wp-content\/uploads\/2025\/04\/1675991545657.jpg\" \/>\n\t<meta property=\"og:image:width\" content=\"1080\" \/>\n\t<meta property=\"og:image:height\" content=\"720\" \/>\n\t<meta property=\"og:image:type\" content=\"image\/jpeg\" \/>\n<meta name=\"twitter:card\" content=\"summary_large_image\" \/>\n<meta name=\"twitter:label1\" content=\"Tahmini okuma s\u00fcresi\" \/>\n\t<meta name=\"twitter:data1\" content=\"1 dakika\" \/>\n<script type=\"application\/ld+json\" class=\"yoast-schema-graph\">{\"@context\":\"https:\/\/schema.org\",\"@graph\":[{\"@type\":\"WebPage\",\"@id\":\"https:\/\/www.savorist.com.tr\/index.php\/hakkinda\/\",\"url\":\"https:\/\/www.savorist.com.tr\/index.php\/hakkinda\/\",\"name\":\"Hakk\u0131nda - Savorist Food&amp;Beverage Service\",\"isPartOf\":{\"@id\":\"https:\/\/www.savorist.com.tr\/#website\"},\"primaryImageOfPage\":{\"@id\":\"https:\/\/www.savorist.com.tr\/index.php\/hakkinda\/#primaryimage\"},\"image\":{\"@id\":\"https:\/\/www.savorist.com.tr\/index.php\/hakkinda\/#primaryimage\"},\"thumbnailUrl\":\"https:\/\/www.savorist.com.tr\/wp-content\/uploads\/2025\/04\/1675991545657-1024x683.jpg\",\"datePublished\":\"2025-04-06T11:00:44+00:00\",\"dateModified\":\"2026-01-03T10:33:39+00:00\",\"description\":\"Savorist olarak, sadece yiyecek ve i\u00e7ecek servisi yapm\u0131yoruz; unutulmaz an\u0131lar in\u015fa ediyoruz. Lezzet ve profesyonelli\u011fin birle\u015fti\u011fi bir deneyim i\u00e7in sizi de aram\u0131zda g\u00f6rmekten mutluluk duyar\u0131z.\",\"breadcrumb\":{\"@id\":\"https:\/\/www.savorist.com.tr\/index.php\/hakkinda\/#breadcrumb\"},\"inLanguage\":\"tr\",\"potentialAction\":[{\"@type\":\"ReadAction\",\"target\":[\"https:\/\/www.savorist.com.tr\/index.php\/hakkinda\/\"]}]},{\"@type\":\"ImageObject\",\"inLanguage\":\"tr\",\"@id\":\"https:\/\/www.savorist.com.tr\/index.php\/hakkinda\/#primaryimage\",\"url\":\"https:\/\/www.savorist.com.tr\/wp-content\/uploads\/2025\/04\/1675991545657.jpg\",\"contentUrl\":\"https:\/\/www.savorist.com.tr\/wp-content\/uploads\/2025\/04\/1675991545657.jpg\",\"width\":1080,\"height\":720},{\"@type\":\"BreadcrumbList\",\"@id\":\"https:\/\/www.savorist.com.tr\/index.php\/hakkinda\/#breadcrumb\",\"itemListElement\":[{\"@type\":\"ListItem\",\"position\":1,\"name\":\"Anasayfa\",\"item\":\"https:\/\/www.savorist.com.tr\/\"},{\"@type\":\"ListItem\",\"position\":2,\"name\":\"Hakk\u0131nda\"}]},{\"@type\":\"WebSite\",\"@id\":\"https:\/\/www.savorist.com.tr\/#website\",\"url\":\"https:\/\/www.savorist.com.tr\/\",\"name\":\"www.savorist.com.tr\",\"description\":\"\",\"publisher\":{\"@id\":\"https:\/\/www.savorist.com.tr\/#organization\"},\"potentialAction\":[{\"@type\":\"SearchAction\",\"target\":{\"@type\":\"EntryPoint\",\"urlTemplate\":\"https:\/\/www.savorist.com.tr\/?s={search_term_string}\"},\"query-input\":{\"@type\":\"PropertyValueSpecification\",\"valueRequired\":true,\"valueName\":\"search_term_string\"}}],\"inLanguage\":\"tr\"},{\"@type\":\"Organization\",\"@id\":\"https:\/\/www.savorist.com.tr\/#organization\",\"name\":\"Savorist Food&Beverage Service\",\"url\":\"https:\/\/www.savorist.com.tr\/\",\"logo\":{\"@type\":\"ImageObject\",\"inLanguage\":\"tr\",\"@id\":\"https:\/\/www.savorist.com.tr\/#\/schema\/logo\/image\/\",\"url\":\"https:\/\/www.savorist.com.tr\/wp-content\/uploads\/2025\/04\/cropped-Logo-591x591-RGB-300DPI2.jpg\",\"contentUrl\":\"https:\/\/www.savorist.com.tr\/wp-content\/uploads\/2025\/04\/cropped-Logo-591x591-RGB-300DPI2.jpg\",\"width\":591,\"height\":163,\"caption\":\"Savorist Food&Beverage Service\"},\"image\":{\"@id\":\"https:\/\/www.savorist.com.tr\/#\/schema\/logo\/image\/\"},\"sameAs\":[\"https:\/\/www.facebook.com\/people\/Savorist-Foodandbeverage\/pfbid02Z1oEPavQqfAgBGc9AtEXLCemHWj899AM2KjEpd174iBQwMbeBzpbaMuZWn9aLsffl\/\",\"https:\/\/www.instagram.com\/savoristdavet\",\"https:\/\/www.linkedin.com\/in\/savorist-food-and-beverage-68296234b\/\",\"https:\/\/tr.pinterest.com\/Savoristfoodandbeverage\/?invite_code=af15b0c329324267b05c705918f7c4be&sender=437341951222664290\"]}]}<\/script>\n<!-- \/ Yoast SEO plugin. -->","yoast_head_json":{"title":"Hakk\u0131nda - Savorist Food&amp;Beverage Service","description":"Savorist olarak, sadece yiyecek ve i\u00e7ecek servisi yapm\u0131yoruz; unutulmaz an\u0131lar in\u015fa ediyoruz. Lezzet ve profesyonelli\u011fin birle\u015fti\u011fi bir deneyim i\u00e7in sizi de aram\u0131zda g\u00f6rmekten mutluluk duyar\u0131z.","robots":{"index":"index","follow":"follow","max-snippet":"max-snippet:-1","max-image-preview":"max-image-preview:large","max-video-preview":"max-video-preview:-1"},"canonical":"https:\/\/www.savorist.com.tr\/index.php\/hakkinda\/","og_locale":"tr_TR","og_type":"article","og_title":"Hakk\u0131nda - Savorist Food&amp;Beverage Service","og_description":"Savorist olarak, sadece yiyecek ve i\u00e7ecek servisi yapm\u0131yoruz; unutulmaz an\u0131lar in\u015fa ediyoruz. Lezzet ve profesyonelli\u011fin birle\u015fti\u011fi bir deneyim i\u00e7in sizi de aram\u0131zda g\u00f6rmekten mutluluk duyar\u0131z.","og_url":"https:\/\/www.savorist.com.tr\/index.php\/hakkinda\/","og_site_name":"Savorist Food&amp;Beverage Service","article_publisher":"https:\/\/www.facebook.com\/people\/Savorist-Foodandbeverage\/pfbid02Z1oEPavQqfAgBGc9AtEXLCemHWj899AM2KjEpd174iBQwMbeBzpbaMuZWn9aLsffl\/","article_modified_time":"2026-01-03T10:33:39+00:00","og_image":[{"width":1080,"height":720,"url":"https:\/\/www.savorist.com.tr\/wp-content\/uploads\/2025\/04\/1675991545657.jpg","type":"image\/jpeg"}],"twitter_card":"summary_large_image","twitter_misc":{"Tahmini okuma s\u00fcresi":"1 dakika"},"schema":{"@context":"https:\/\/schema.org","@graph":[{"@type":"WebPage","@id":"https:\/\/www.savorist.com.tr\/index.php\/hakkinda\/","url":"https:\/\/www.savorist.com.tr\/index.php\/hakkinda\/","name":"Hakk\u0131nda - Savorist Food&amp;Beverage Service","isPartOf":{"@id":"https:\/\/www.savorist.com.tr\/#website"},"primaryImageOfPage":{"@id":"https:\/\/www.savorist.com.tr\/index.php\/hakkinda\/#primaryimage"},"image":{"@id":"https:\/\/www.savorist.com.tr\/index.php\/hakkinda\/#primaryimage"},"thumbnailUrl":"https:\/\/www.savorist.com.tr\/wp-content\/uploads\/2025\/04\/1675991545657-1024x683.jpg","datePublished":"2025-04-06T11:00:44+00:00","dateModified":"2026-01-03T10:33:39+00:00","description":"Savorist olarak, sadece yiyecek ve i\u00e7ecek servisi yapm\u0131yoruz; unutulmaz an\u0131lar in\u015fa ediyoruz. Lezzet ve profesyonelli\u011fin birle\u015fti\u011fi bir deneyim i\u00e7in sizi de aram\u0131zda g\u00f6rmekten mutluluk duyar\u0131z.","breadcrumb":{"@id":"https:\/\/www.savorist.com.tr\/index.php\/hakkinda\/#breadcrumb"},"inLanguage":"tr","potentialAction":[{"@type":"ReadAction","target":["https:\/\/www.savorist.com.tr\/index.php\/hakkinda\/"]}]},{"@type":"ImageObject","inLanguage":"tr","@id":"https:\/\/www.savorist.com.tr\/index.php\/hakkinda\/#primaryimage","url":"https:\/\/www.savorist.com.tr\/wp-content\/uploads\/2025\/04\/1675991545657.jpg","contentUrl":"https:\/\/www.savorist.com.tr\/wp-content\/uploads\/2025\/04\/1675991545657.jpg","width":1080,"height":720},{"@type":"BreadcrumbList","@id":"https:\/\/www.savorist.com.tr\/index.php\/hakkinda\/#breadcrumb","itemListElement":[{"@type":"ListItem","position":1,"name":"Anasayfa","item":"https:\/\/www.savorist.com.tr\/"},{"@type":"ListItem","position":2,"name":"Hakk\u0131nda"}]},{"@type":"WebSite","@id":"https:\/\/www.savorist.com.tr\/#website","url":"https:\/\/www.savorist.com.tr\/","name":"www.savorist.com.tr","description":"","publisher":{"@id":"https:\/\/www.savorist.com.tr\/#organization"},"potentialAction":[{"@type":"SearchAction","target":{"@type":"EntryPoint","urlTemplate":"https:\/\/www.savorist.com.tr\/?s={search_term_string}"},"query-input":{"@type":"PropertyValueSpecification","valueRequired":true,"valueName":"search_term_string"}}],"inLanguage":"tr"},{"@type":"Organization","@id":"https:\/\/www.savorist.com.tr\/#organization","name":"Savorist Food&Beverage Service","url":"https:\/\/www.savorist.com.tr\/","logo":{"@type":"ImageObject","inLanguage":"tr","@id":"https:\/\/www.savorist.com.tr\/#\/schema\/logo\/image\/","url":"https:\/\/www.savorist.com.tr\/wp-content\/uploads\/2025\/04\/cropped-Logo-591x591-RGB-300DPI2.jpg","contentUrl":"https:\/\/www.savorist.com.tr\/wp-content\/uploads\/2025\/04\/cropped-Logo-591x591-RGB-300DPI2.jpg","width":591,"height":163,"caption":"Savorist Food&Beverage Service"},"image":{"@id":"https:\/\/www.savorist.com.tr\/#\/schema\/logo\/image\/"},"sameAs":["https:\/\/www.facebook.com\/people\/Savorist-Foodandbeverage\/pfbid02Z1oEPavQqfAgBGc9AtEXLCemHWj899AM2KjEpd174iBQwMbeBzpbaMuZWn9aLsffl\/","https:\/\/www.instagram.com\/savoristdavet","https:\/\/www.linkedin.com\/in\/savorist-food-and-beverage-68296234b\/","https:\/\/tr.pinterest.com\/Savoristfoodandbeverage\/?invite_code=af15b0c329324267b05c705918f7c4be&sender=437341951222664290"]}]}},"_links":{"self":[{"href":"https:\/\/www.savorist.com.tr\/index.php\/wp-json\/wp\/v2\/pages\/61","targetHints":{"allow":["GET"]}}],"collection":[{"href":"https:\/\/www.savorist.com.tr\/index.php\/wp-json\/wp\/v2\/pages"}],"about":[{"href":"https:\/\/www.savorist.com.tr\/index.php\/wp-json\/wp\/v2\/types\/page"}],"author":[{"embeddable":true,"href":"https:\/\/www.savorist.com.tr\/index.php\/wp-json\/wp\/v2\/users\/1"}],"replies":[{"embeddable":true,"href":"https:\/\/www.savorist.com.tr\/index.php\/wp-json\/wp\/v2\/comments?post=61"}],"version-history":[{"count":10,"href":"https:\/\/www.savorist.com.tr\/index.php\/wp-json\/wp\/v2\/pages\/61\/revisions"}],"predecessor-version":[{"id":546,"href":"https:\/\/www.savorist.com.tr\/index.php\/wp-json\/wp\/v2\/pages\/61\/revisions\/546"}],"wp:attachment":[{"href":"https:\/\/www.savorist.com.tr\/index.php\/wp-json\/wp\/v2\/media?parent=61"}],"curies":[{"name":"wp","href":"https:\/\/api.w.org\/{rel}","templated":true}]}}